{"id":603,"date":"2021-11-28T21:10:31","date_gmt":"2021-11-29T02:10:31","guid":{"rendered":"https:\/\/www.lostcitymachupicchu.com\/?page_id=603"},"modified":"2021-11-28T21:10:46","modified_gmt":"2021-11-29T02:10:46","slug":"sobre-nos","status":"publish","type":"page","link":"https:\/\/www.lostcitymachupicchu.com\/pt-br\/sobre-nos\/","title":{"rendered":"Sobre n\u00f3s"},"content":{"rendered":"\t\t<div data-elementor-type=\"wp-page\" data-elementor-id=\"603\" class=\"elementor elementor-603 elementor-24\" data-elementor-post-type=\"page\">\n\t\t\t\t\t\t<section class=\"elementor-section elementor-top-section elementor-element elementor-element-265db19 elementor-section-boxed elementor-section-height-default elementor-section-height-default\" data-id=\"265db19\" data-element_type=\"section\" data-e-type=\"section\">\n\t\t\t\t\t\t<div class=\"elementor-container elementor-column-gap-default\">\n\t\t\t\t\t<div class=\"elementor-column elementor-col-100 elementor-top-column elementor-element elementor-element-e576e66\" data-id=\"e576e66\" data-element_type=\"column\" data-e-type=\"column\">\n\t\t\t<div class=\"elementor-widget-wrap elementor-element-populated\">\n\t\t\t\t\t\t<div class=\"elementor-element elementor-element-9d84f2b elementor-widget elementor-widget-heading\" data-id=\"9d84f2b\" data-element_type=\"widget\" data-e-type=\"widget\" data-widget_type=\"heading.default\">\n\t\t\t\t<div class=\"elementor-widget-container\">\n\t\t\t\t\t<h2 class=\"elementor-heading-title elementor-size-default\">Sobre n\u00f3s<\/h2>\t\t\t\t<\/div>\n\t\t\t\t<\/div>\n\t\t\t\t\t<\/div>\n\t\t<\/div>\n\t\t\t\t\t<\/div>\n\t\t<\/section>\n\t\t\t\t<section class=\"elementor-section elementor-top-section elementor-element elementor-element-59cae23 elementor-section-boxed elementor-section-height-default elementor-section-height-default\" data-id=\"59cae23\" data-element_type=\"section\" data-e-type=\"section\">\n\t\t\t\t\t\t<div class=\"elementor-container elementor-column-gap-default\">\n\t\t\t\t\t<div class=\"elementor-column elementor-col-100 elementor-top-column elementor-element elementor-element-ef5078d\" data-id=\"ef5078d\" data-element_type=\"column\" data-e-type=\"column\">\n\t\t\t<div class=\"elementor-widget-wrap elementor-element-populated\">\n\t\t\t\t\t\t<div class=\"elementor-element elementor-element-4362201 elementor-widget elementor-widget-image\" data-id=\"4362201\" data-element_type=\"widget\" data-e-type=\"widget\" data-widget_type=\"image.default\">\n\t\t\t\t<div class=\"elementor-widget-container\">\n\t\t\t\t\t\t\t\t\t\t\t\t\t\t\t<img fetchpriority=\"high\" decoding=\"async\" width=\"960\" height=\"320\" src=\"https:\/\/www.lostcitymachupicchu.com\/wp-content\/uploads\/2021\/11\/machu-picchu-landscape.jpg\" class=\"attachment-full size-full wp-image-593\" alt=\"\" srcset=\"https:\/\/www.lostcitymachupicchu.com\/wp-content\/uploads\/2021\/11\/machu-picchu-landscape.jpg 960w, https:\/\/www.lostcitymachupicchu.com\/wp-content\/uploads\/2021\/11\/machu-picchu-landscape-300x100.jpg 300w, https:\/\/www.lostcitymachupicchu.com\/wp-content\/uploads\/2021\/11\/machu-picchu-landscape-768x256.jpg 768w\" sizes=\"(max-width: 960px) 100vw, 960px\" \/>\t\t\t\t\t\t\t\t\t\t\t\t\t\t\t<\/div>\n\t\t\t\t<\/div>\n\t\t\t\t<div class=\"elementor-element elementor-element-a5ccc22 elementor-widget elementor-widget-text-editor\" data-id=\"a5ccc22\" data-element_type=\"widget\" data-e-type=\"widget\" data-widget_type=\"text-editor.default\">\n\t\t\t\t<div class=\"elementor-widget-container\">\n\t\t\t\t\t\t\t\t\t<p>Lost City\u00a0<strong>Machu Picchu<\/strong>\u00a0\u00e9 uma\u00a0<strong>ag\u00eancia de viagens e operador de turismo<\/strong>, um novo projeto, nasce no umbigo do mundo, ber\u00e7o do imp\u00e9rio inca: Cusco; oferecendo-lhe uma variedade muito grande de destinos tur\u00edsticos, pacotes tur\u00edsticos, excurs\u00f5es em todo o Peru e a Bol\u00edvia.<\/p><p>Lost City Machupicchu Ag\u00eancia de Viagens e Operador de Turismo consciente de apoiar o desenvolvimento das comunidades do Peru promove o turismo vivencial assumindo um compromisso como os povoadores das comunidades para capacit\u00e1-los em t\u00e9cnicas agr\u00edcolas, t\u00eaxteis e de aten\u00e7\u00e3o ao turista.<\/p><p>\u00a0Lost City Machupicchu Ag\u00eancia de Viagens e Operador de Turismo tem como doutrina o compromisso com a excel\u00eancia e a qualidade que vai al\u00e9m das tuas expectativas fazendo que sua viagem seja irrepet\u00edvel e \u00fanica!!!<\/p>\t\t\t\t\t\t\t\t<\/div>\n\t\t\t\t<\/div>\n\t\t\t\t\t<\/div>\n\t\t<\/div>\n\t\t\t\t\t<\/div>\n\t\t<\/section>\n\t\t\t\t<\/div>\n\t\t","protected":false},"excerpt":{"rendered":"<p>Lost City\u00a0Machu Picchu\u00a0\u00e9 uma\u00a0ag\u00eancia de viagens e operador de turismo, um novo projeto, nasce no umbigo do mundo, ber\u00e7o do imp\u00e9rio inca: Cusco; oferecendo-lhe uma variedade muito grande de destinos tur\u00edsticos, pacotes tur\u00edsticos, excurs\u00f5es em todo o Peru e a Bol\u00edvia. Lost City Machupicchu Ag\u00eancia de Viagens e Operador de Turismo consciente de apoiar o [&hellip;]<\/p>\n","protected":false},"author":1,"featured_media":0,"parent":0,"menu_order":0,"comment_status":"closed","ping_status":"closed","template":"","meta":{"_joinchat":[],"footnotes":""},"class_list":["post-603","page","type-page","status-publish","hentry"],"_links":{"self":[{"href":"https:\/\/www.lostcitymachupicchu.com\/pt-br\/wp-json\/wp\/v2\/pages\/603","targetHints":{"allow":["GET"]}}],"collection":[{"href":"https:\/\/www.lostcitymachupicchu.com\/pt-br\/wp-json\/wp\/v2\/pages"}],"about":[{"href":"https:\/\/www.lostcitymachupicchu.com\/pt-br\/wp-json\/wp\/v2\/types\/page"}],"author":[{"embeddable":true,"href":"https:\/\/www.lostcitymachupicchu.com\/pt-br\/wp-json\/wp\/v2\/users\/1"}],"replies":[{"embeddable":true,"href":"https:\/\/www.lostcitymachupicchu.com\/pt-br\/wp-json\/wp\/v2\/comments?post=603"}],"version-history":[{"count":4,"href":"https:\/\/www.lostcitymachupicchu.com\/pt-br\/wp-json\/wp\/v2\/pages\/603\/revisions"}],"predecessor-version":[{"id":607,"href":"https:\/\/www.lostcitymachupicchu.com\/pt-br\/wp-json\/wp\/v2\/pages\/603\/revisions\/607"}],"wp:attachment":[{"href":"https:\/\/www.lostcitymachupicchu.com\/pt-br\/wp-json\/wp\/v2\/media?parent=603"}],"curies":[{"name":"wp","href":"https:\/\/api.w.org\/{rel}","templated":true}]}}